{"id":1082,"date":"2023-05-04T21:06:25","date_gmt":"2023-05-04T21:06:25","guid":{"rendered":"http:\/\/wp.vistafwd.com\/?page_id=1082"},"modified":"2023-08-10T17:30:04","modified_gmt":"2023-08-10T17:30:04","slug":"contacto","status":"publish","type":"page","link":"https:\/\/www.vistafwd.com\/en\/contacto\/","title":{"rendered":"Contact"},"content":{"rendered":"<div data-elementor-type=\"wp-page\" data-elementor-id=\"1082\" class=\"elementor elementor-1082\">\n\t\t\t\t\t\t<section class=\"elementor-section elementor-top-section elementor-element elementor-element-648ba2d elementor-section-boxed elementor-section-height-default elementor-section-height-default\" data-id=\"648ba2d\" data-element_type=\"section\" data-e-type=\"section\">\n\t\t\t\t\t\t<div class=\"elementor-container elementor-column-gap-default\">\n\t\t\t\t\t<div class=\"elementor-column elementor-col-100 elementor-top-column elementor-element elementor-element-a444ed7\" data-id=\"a444ed7\" data-element_type=\"column\" data-e-type=\"column\">\n\t\t\t<div class=\"elementor-widget-wrap\">\n\t\t\t\t\t\t\t<\/div>\n\t\t<\/div>\n\t\t\t\t\t<\/div>\n\t\t<\/section>\n\t\t\t\t<section class=\"elementor-section elementor-top-section elementor-element elementor-element-3e6029b elementor-section-boxed elementor-section-height-default elementor-section-height-default\" data-id=\"3e6029b\" data-element_type=\"section\" data-e-type=\"section\">\n\t\t\t\t\t\t<div class=\"elementor-container elementor-column-gap-default\">\n\t\t\t\t\t<div class=\"elementor-column elementor-col-100 elementor-top-column elementor-element elementor-element-19c0e78\" data-id=\"19c0e78\" data-element_type=\"column\" data-e-type=\"column\">\n\t\t\t<div class=\"elementor-widget-wrap elementor-element-populated\">\n\t\t\t\t\t\t<div class=\"elementor-element elementor-element-22976cb elementor-widget elementor-widget-heading\" data-id=\"22976cb\" data-element_type=\"widget\" data-e-type=\"widget\" data-widget_type=\"heading.default\">\n\t\t\t\t<div class=\"elementor-widget-container\">\n\t\t\t\t\t<div class=\"elementor-heading-title elementor-size-default\">Contact<\/div>\t\t\t\t<\/div>\n\t\t\t\t<\/div>\n\t\t\t\t\t<\/div>\n\t\t<\/div>\n\t\t\t\t\t<\/div>\n\t\t<\/section>\n\t\t\t\t<section class=\"elementor-section elementor-top-section elementor-element elementor-element-595b5ec elementor-section-boxed elementor-section-height-default elementor-section-height-default\" data-id=\"595b5ec\" data-element_type=\"section\" data-e-type=\"section\">\n\t\t\t\t\t\t<div class=\"elementor-container elementor-column-gap-default\">\n\t\t\t\t\t<div class=\"elementor-column elementor-col-50 elementor-top-column elementor-element elementor-element-2ae3804\" data-id=\"2ae3804\" data-element_type=\"column\" data-e-type=\"column\">\n\t\t\t<div class=\"elementor-widget-wrap elementor-element-populated\">\n\t\t\t\t\t\t<div class=\"elementor-element elementor-element-13de966 elementor-widget elementor-widget-spacer\" data-id=\"13de966\" data-element_type=\"widget\" data-e-type=\"widget\" data-widget_type=\"spacer.default\">\n\t\t\t\t<div class=\"elementor-widget-container\">\n\t\t\t\t\t\t\t<div class=\"elementor-spacer\">\n\t\t\t<div class=\"elementor-spacer-inner\"><\/div>\n\t\t<\/div>\n\t\t\t\t\t\t<\/div>\n\t\t\t\t<\/div>\n\t\t\t\t<div class=\"elementor-element elementor-element-2ad68c3 elementor-widget elementor-widget-image\" data-id=\"2ad68c3\" data-element_type=\"widget\" data-e-type=\"widget\" data-widget_type=\"image.default\">\n\t\t\t\t<div class=\"elementor-widget-container\">\n\t\t\t\t\t\t\t\t\t\t\t\t\t\t\t<img fetchpriority=\"high\" decoding=\"async\" width=\"528\" height=\"291\" src=\"https:\/\/www.vistafwd.com\/wp-content\/uploads\/2023\/04\/oficina-sucursal.jpg\" class=\"attachment-large size-large wp-image-907\" alt=\"\" srcset=\"https:\/\/www.vistafwd.com\/wp-content\/uploads\/2023\/04\/oficina-sucursal.jpg 528w, https:\/\/www.vistafwd.com\/wp-content\/uploads\/2023\/04\/oficina-sucursal-300x165.jpg 300w\" sizes=\"(max-width: 528px) 100vw, 528px\" \/>\t\t\t\t\t\t\t\t\t\t\t\t\t\t\t<\/div>\n\t\t\t\t<\/div>\n\t\t\t\t<div class=\"elementor-element elementor-element-ebcf3b3 elementor-widget elementor-widget-image\" data-id=\"ebcf3b3\" data-element_type=\"widget\" data-e-type=\"widget\" data-widget_type=\"image.default\">\n\t\t\t\t<div class=\"elementor-widget-container\">\n\t\t\t\t\t\t\t\t\t\t\t\t\t\t\t<img decoding=\"async\" width=\"312\" height=\"193\" src=\"https:\/\/www.vistafwd.com\/wp-content\/uploads\/2023\/05\/iconos-footer.png\" class=\"attachment-large size-large wp-image-1192\" alt=\"\" srcset=\"https:\/\/www.vistafwd.com\/wp-content\/uploads\/2023\/05\/iconos-footer.png 312w, https:\/\/www.vistafwd.com\/wp-content\/uploads\/2023\/05\/iconos-footer-300x186.png 300w\" sizes=\"(max-width: 312px) 100vw, 312px\" \/>\t\t\t\t\t\t\t\t\t\t\t\t\t\t\t<\/div>\n\t\t\t\t<\/div>\n\t\t\t\t\t<\/div>\n\t\t<\/div>\n\t\t\t\t<div class=\"elementor-column elementor-col-50 elementor-top-column elementor-element elementor-element-dccb1cc\" data-id=\"dccb1cc\" data-element_type=\"column\" data-e-type=\"column\">\n\t\t\t<div class=\"elementor-widget-wrap elementor-element-populated\">\n\t\t\t\t\t\t<div class=\"elementor-element elementor-element-41b49ab elementor-widget elementor-widget-heading\" data-id=\"41b49ab\" data-element_type=\"widget\" data-e-type=\"widget\" data-widget_type=\"heading.default\">\n\t\t\t\t<div class=\"elementor-widget-container\">\n\t\t\t\t\t<h3 class=\"elementor-heading-title elementor-size-default\">Head Office<\/h3>\t\t\t\t<\/div>\n\t\t\t\t<\/div>\n\t\t\t\t<div class=\"elementor-element elementor-element-486438c elementor-widget elementor-widget-text-editor\" data-id=\"486438c\" data-element_type=\"widget\" data-e-type=\"widget\" data-widget_type=\"text-editor.default\">\n\t\t\t\t<div class=\"elementor-widget-container\">\n\t\t\t\t\t\t\t\t\t<p>607 Union Pacific Blvd.<br \/>Milo Industrial Park<br \/>Laredo TX., 78045<br \/>Track 938<\/p><p>\u260f Phone:<br \/>\u00a0+1 (956) 791-1051<\/p>\t\t\t\t\t\t\t\t<\/div>\n\t\t\t\t<\/div>\n\t\t\t\t<div class=\"elementor-element elementor-element-b9e0c34 elementor-widget elementor-widget-heading\" data-id=\"b9e0c34\" data-element_type=\"widget\" data-e-type=\"widget\" data-widget_type=\"heading.default\">\n\t\t\t\t<div class=\"elementor-widget-container\">\n\t\t\t\t\t<h3 class=\"elementor-heading-title elementor-size-default\">Offices<\/h3>\t\t\t\t<\/div>\n\t\t\t\t<\/div>\n\t\t\t\t<div class=\"elementor-element elementor-element-19490f6 elementor-widget elementor-widget-accordion\" data-id=\"19490f6\" data-element_type=\"widget\" data-e-type=\"widget\" data-widget_type=\"accordion.default\">\n\t\t\t\t<div class=\"elementor-widget-container\">\n\t\t\t\t\t\t\t<div class=\"elementor-accordion\">\n\t\t\t\t\t\t\t<div class=\"elementor-accordion-item\">\n\t\t\t\t\t<div id=\"elementor-tab-title-2651\" class=\"elementor-tab-title\" data-tab=\"1\" role=\"button\" aria-controls=\"elementor-tab-content-2651\" aria-expanded=\"false\">\n\t\t\t\t\t\t\t\t\t\t\t\t\t<span class=\"elementor-accordion-icon elementor-accordion-icon-left\" aria-hidden=\"true\">\n\t\t\t\t\t\t\t\t\t\t\t\t\t\t\t<span class=\"elementor-accordion-icon-closed\"><i class=\"fas fa-plus\"><\/i><\/span>\n\t\t\t\t\t\t\t\t<span class=\"elementor-accordion-icon-opened\"><i class=\"fas fa-minus\"><\/i><\/span>\n\t\t\t\t\t\t\t\t\t\t\t\t\t\t<\/span>\n\t\t\t\t\t\t\t\t\t\t\t\t<a class=\"elementor-accordion-title\" tabindex=\"0\">Merida, Yucatan<\/a>\n\t\t\t\t\t<\/div>\n\t\t\t\t\t<div id=\"elementor-tab-content-2651\" class=\"elementor-tab-content elementor-clearfix\" data-tab=\"1\" role=\"region\" aria-labelledby=\"elementor-tab-title-2651\"><p>Calle 60 #277-10 Plaza Cob\u00e1,<br \/>Col. Buenavista<br \/>M\u00e9rida, Yucat\u00e1n, CP 97127<br \/>\u260f Phones:<br \/>+52 (999) 196-1973\u00a0 \/ +52 (999) 920-1695<\/p><\/div>\n\t\t\t\t<\/div>\n\t\t\t\t\t\t\t<div class=\"elementor-accordion-item\">\n\t\t\t\t\t<div id=\"elementor-tab-title-2652\" class=\"elementor-tab-title\" data-tab=\"2\" role=\"button\" aria-controls=\"elementor-tab-content-2652\" aria-expanded=\"false\">\n\t\t\t\t\t\t\t\t\t\t\t\t\t<span class=\"elementor-accordion-icon elementor-accordion-icon-left\" aria-hidden=\"true\">\n\t\t\t\t\t\t\t\t\t\t\t\t\t\t\t<span class=\"elementor-accordion-icon-closed\"><i class=\"fas fa-plus\"><\/i><\/span>\n\t\t\t\t\t\t\t\t<span class=\"elementor-accordion-icon-opened\"><i class=\"fas fa-minus\"><\/i><\/span>\n\t\t\t\t\t\t\t\t\t\t\t\t\t\t<\/span>\n\t\t\t\t\t\t\t\t\t\t\t\t<a class=\"elementor-accordion-title\" tabindex=\"0\">Laredo, Texas<\/a>\n\t\t\t\t\t<\/div>\n\t\t\t\t\t<div id=\"elementor-tab-content-2652\" class=\"elementor-tab-content elementor-clearfix\" data-tab=\"2\" role=\"region\" aria-labelledby=\"elementor-tab-title-2652\"><p>607 Union Pacific Blvd.<br \/>Milo Industrial Park<br \/>Laredo, Texas 78045<br \/>Track 938<br \/>\u260f Phone:<br \/>\u00a0+1 (956) 791-1051<\/p><\/div>\n\t\t\t\t<\/div>\n\t\t\t\t\t\t\t<div class=\"elementor-accordion-item\">\n\t\t\t\t\t<div id=\"elementor-tab-title-2653\" class=\"elementor-tab-title\" data-tab=\"3\" role=\"button\" aria-controls=\"elementor-tab-content-2653\" aria-expanded=\"false\">\n\t\t\t\t\t\t\t\t\t\t\t\t\t<span class=\"elementor-accordion-icon elementor-accordion-icon-left\" aria-hidden=\"true\">\n\t\t\t\t\t\t\t\t\t\t\t\t\t\t\t<span class=\"elementor-accordion-icon-closed\"><i class=\"fas fa-plus\"><\/i><\/span>\n\t\t\t\t\t\t\t\t<span class=\"elementor-accordion-icon-opened\"><i class=\"fas fa-minus\"><\/i><\/span>\n\t\t\t\t\t\t\t\t\t\t\t\t\t\t<\/span>\n\t\t\t\t\t\t\t\t\t\t\t\t<a class=\"elementor-accordion-title\" tabindex=\"0\">Sea Port Offices<\/a>\n\t\t\t\t\t<\/div>\n\t\t\t\t\t<div id=\"elementor-tab-content-2653\" class=\"elementor-tab-content elementor-clearfix\" data-tab=\"3\" role=\"region\" aria-labelledby=\"elementor-tab-title-2653\"><p>- Lazaro Cardenas<br \/>&#8211; Veracruz<br \/>&#8211; Manzanillo<br \/><span style=\"color: var( --e-global-color-text ); font-family: var( --e-global-typography-text-font-family ), Sans-serif; font-weight: var( --e-global-typography-text-font-weight );\">&#8211; Progreso<\/span><\/p><\/div>\n\t\t\t\t<\/div>\n\t\t\t\t\t\t\t\t<\/div>\n\t\t\t\t\t\t<\/div>\n\t\t\t\t<\/div>\n\t\t\t\t\t<\/div>\n\t\t<\/div>\n\t\t\t\t\t<\/div>\n\t\t<\/section>\n\t\t\t\t<section class=\"elementor-section elementor-top-section elementor-element elementor-element-6a31c52 elementor-section-boxed elementor-section-height-default elementor-section-height-default\" data-id=\"6a31c52\" data-element_type=\"section\" data-e-type=\"section\">\n\t\t\t\t\t\t<div class=\"elementor-container elementor-column-gap-default\">\n\t\t\t\t\t<div class=\"elementor-column elementor-col-100 elementor-top-column elementor-element elementor-element-fa14de0\" data-id=\"fa14de0\" data-element_type=\"column\" data-e-type=\"column\">\n\t\t\t<div class=\"elementor-widget-wrap elementor-element-populated\">\n\t\t\t\t\t\t<div class=\"elementor-element elementor-element-35076af elementor-widget elementor-widget-heading\" data-id=\"35076af\" data-element_type=\"widget\" data-e-type=\"widget\" data-widget_type=\"heading.default\">\n\t\t\t\t<div class=\"elementor-widget-container\">\n\t\t\t\t\t<h2 class=\"elementor-heading-title elementor-size-default\">Your message is very important!<\/h2>\t\t\t\t<\/div>\n\t\t\t\t<\/div>\n\t\t\t\t\t<\/div>\n\t\t<\/div>\n\t\t\t\t\t<\/div>\n\t\t<\/section>\n\t\t\t\t<section class=\"elementor-section elementor-top-section elementor-element elementor-element-481d600 elementor-section-boxed elementor-section-height-default elementor-section-height-default\" data-id=\"481d600\" data-element_type=\"section\" data-e-type=\"section\">\n\t\t\t\t\t\t<div class=\"elementor-container elementor-column-gap-default\">\n\t\t\t\t\t<div class=\"elementor-column elementor-col-100 elementor-top-column elementor-element elementor-element-978b52b\" data-id=\"978b52b\" data-element_type=\"column\" data-e-type=\"column\">\n\t\t\t<div class=\"elementor-widget-wrap elementor-element-populated\">\n\t\t\t\t\t\t<div class=\"elementor-element elementor-element-e4c2aa0 elementor-widget__width-initial elementor-widget elementor-widget-html\" data-id=\"e4c2aa0\" data-element_type=\"widget\" data-e-type=\"widget\" data-widget_type=\"html.default\">\n\t\t\t\t<div class=\"elementor-widget-container\">\n\t\t\t\t\t<td class=\"style67\" valign=\"top\">\r\n\t\t\t\t\t\t\r\n\t\t\r\n\t\t\r\n\t\t\r\n\t\t<form style=\"\" method=\"post\" class=\"contacto\" id=\"formulario\" name=\"formulario\" action=\"https:\/\/forma.globalpc.net\/correo2.php\">\r\n\t        <fieldset>\r\n\t\t<div><p style=\"text-align:center;\"><br>Send us a message through the following form:<\/p><\/div>\r\n\r\n\t\t\t\t<div id=\"aviso\"><\/div>\r\n\t\t\t\t<input style=\"margin:15px\" type=\"hidden\" name=\"Subject\" value=\"Vista FWD - Forma de Contacto\"\/>\r\n\t            <div><input style=\"margin:15px\" type=\"text\" class=\"required\" name=\"Nombre\" placeholder=\"* Nombre\/Name\"\/><\/div>\r\n\t            <div><input style=\"margin:15px\" type=\"text\" class=\"required\" id=\"email\" name=\"Email\" placeholder=\"* E-mail\"\/><\/div>\r\n\t            <div><input style=\"margin:15px\" type=\"text\" name=\"Telefono\" placeholder=\"Tel\u00e9fono\/Phone\"\/><\/div>\r\n\t            <div><\/div>\r\n\t            <div><textarea style=\"margin:15px\" cols=\"30\" rows=\"5\" name=\"Mensaje\" placeholder=\"Mensaje\/Message\"><\/textarea><\/div>\r\n\t           \r\n\t\t\t\t<input type=\"hidden\" name=\"Site\" id=\"site\" value=\"\"\/>\r\n\t\t\t\t<input type=\"hidden\" name=\"Idioma\" value=\"ES\"\/>\r\n\t\t\t\t<input type=\"text\" class=\"oculto\" name=\"e-mail\"\/>\r\n\t           <button style=\"margin:15px;padding:15px;background-color:#203070;color:#fff;\" type=\"button\" class=\"boton_envio\">Enviar \/ Send <\/button>\r\n\t        <\/fieldset>\r\n\t    <\/form>\r\n\r\n\t<script type=\"text\/javascript\" src=\"https:\/\/www.globalpc.net\/js\/jquery-1.12.0.min.js\"><\/script>\r\n\t<script type=\"text\/javascript\" src=\"https:\/\/www.globalpc.net\/js\/validaciones.js\"><\/script>\t\r\n<link rel=\"stylesheet\" type=\"text\/css\" href=\"https:\/\/www.globalpc.net\/css\/forma.css\">\t\r\n\t\t\t\t\t\t\r\n\t\t\t\t\t\t\r\n\t\r\n\r\n\t\r\n\t\t\t\t\t\t<\/td>\r\n\t\t\t\t<\/div>\n\t\t\t\t<\/div>\n\t\t\t\t\t<\/div>\n\t\t<\/div>\n\t\t\t\t\t<\/div>\n\t\t<\/section>\n\t\t\t\t<section class=\"elementor-section elementor-top-section elementor-element elementor-element-a10b55c elementor-section-boxed elementor-section-height-default elementor-section-height-default\" data-id=\"a10b55c\" data-element_type=\"section\" data-e-type=\"section\">\n\t\t\t\t\t\t<div class=\"elementor-container elementor-column-gap-default\">\n\t\t\t\t\t<div class=\"elementor-column elementor-col-100 elementor-top-column elementor-element elementor-element-a3b3a1c\" data-id=\"a3b3a1c\" data-element_type=\"column\" data-e-type=\"column\">\n\t\t\t<div class=\"elementor-widget-wrap elementor-element-populated\">\n\t\t\t\t\t\t<div class=\"elementor-element elementor-element-4059065 elementor-widget elementor-widget-spacer\" data-id=\"4059065\" data-element_type=\"widget\" data-e-type=\"widget\" data-widget_type=\"spacer.default\">\n\t\t\t\t<div class=\"elementor-widget-container\">\n\t\t\t\t\t\t\t<div class=\"elementor-spacer\">\n\t\t\t<div class=\"elementor-spacer-inner\"><\/div>\n\t\t<\/div>\n\t\t\t\t\t\t<\/div>\n\t\t\t\t<\/div>\n\t\t\t\t\t<\/div>\n\t\t<\/div>\n\t\t\t\t\t<\/div>\n\t\t<\/section>\n\t\t\t\t<\/div>","protected":false},"excerpt":{"rendered":"<p>Contacto Oficina Matr\u00edz 607 Union Pacific Blvd.Milo Industrial ParkLaredo TX., 78045Track 938 \u260f Tel\u00e9fono:\u00a0+1 (956) 791-1051 Oficinas Corresponsales M\u00e9rida, Yucat\u00e1n Calle 60 #277-10 Plaza Cob\u00e1,Col. BuenavistaM\u00e9rida, Yucat\u00e1n, CP 97127\u260f Tel\u00e9fonos:+52 (999) 196-1973\u00a0 \/ +52 (999) 920-1695 Laredo, Texas 607 Union Pacific Blvd.Milo Industrial ParkLaredo, Texas 78045Track 938\u260f Tel\u00e9fono:\u00a0+1 (956) 791-1051 Corresponsal\u00edas &#8211; L\u00e1zaro C\u00e1rdenas&#8211; Veracruz&#8211;<br \/><a class=\"moretag\" href=\"https:\/\/www.vistafwd.com\/en\/contacto\/\">+ Read More<\/a><\/p>","protected":false},"author":1,"featured_media":0,"parent":0,"menu_order":0,"comment_status":"closed","ping_status":"closed","template":"elementor_header_footer","meta":{"footnotes":""},"class_list":["post-1082","page","type-page","status-publish","hentry"],"_links":{"self":[{"href":"https:\/\/www.vistafwd.com\/en\/wp-json\/wp\/v2\/pages\/1082","targetHints":{"allow":["GET"]}}],"collection":[{"href":"https:\/\/www.vistafwd.com\/en\/wp-json\/wp\/v2\/pages"}],"about":[{"href":"https:\/\/www.vistafwd.com\/en\/wp-json\/wp\/v2\/types\/page"}],"author":[{"embeddable":true,"href":"https:\/\/www.vistafwd.com\/en\/wp-json\/wp\/v2\/users\/1"}],"replies":[{"embeddable":true,"href":"https:\/\/www.vistafwd.com\/en\/wp-json\/wp\/v2\/comments?post=1082"}],"version-history":[{"count":205,"href":"https:\/\/www.vistafwd.com\/en\/wp-json\/wp\/v2\/pages\/1082\/revisions"}],"predecessor-version":[{"id":1637,"href":"https:\/\/www.vistafwd.com\/en\/wp-json\/wp\/v2\/pages\/1082\/revisions\/1637"}],"wp:attachment":[{"href":"https:\/\/www.vistafwd.com\/en\/wp-json\/wp\/v2\/media?parent=1082"}],"curies":[{"name":"wp","href":"https:\/\/api.w.org\/{rel}","templated":true}]}}